{"id":489,"date":"2022-03-23T08:42:03","date_gmt":"2022-03-23T07:42:03","guid":{"rendered":"https:\/\/ubiqware.net\/?page_id=489"},"modified":"2024-02-27T10:30:09","modified_gmt":"2024-02-27T09:30:09","slug":"kit-digital","status":"publish","type":"page","link":"https:\/\/ubiqware.net\/en\/kit-digital\/","title":{"rendered":"Kit Digital"},"content":{"rendered":"\n<p>En UbiqWare te ayudamos a sacar el m\u00e1ximo de tus proyectos software.<\/p>\n\n\n\n<figure class=\"wp-block-image size-full\"><img fetchpriority=\"high\" decoding=\"async\" width=\"985\" height=\"194\" src=\"https:\/\/ubiqware.net\/wp-content\/uploads\/2024\/02\/kit-digital.png\" alt=\"\" class=\"wp-image-526\" srcset=\"https:\/\/ubiqware.net\/wp-content\/uploads\/2024\/02\/kit-digital.png 985w, https:\/\/ubiqware.net\/wp-content\/uploads\/2024\/02\/kit-digital-300x59.png 300w, https:\/\/ubiqware.net\/wp-content\/uploads\/2024\/02\/kit-digital-768x151.png 768w\" sizes=\"(max-width: 985px) 100vw, 985px\" \/><\/figure>\n\n\n\n<p class=\"has-large-font-size\">Gesti\u00f3n de procesos<\/p>\n\n\n\n<p class=\"has-medium-font-size\"><strong>Adopci\u00f3n inicial de DevOps<\/strong><\/p>\n\n\n\n<p>La categor\u00eda de Gesti\u00f3n de procesos permite que las empresas digitalicen y\/o automaticen procesos y flujos de trabajo. Nuestro servicio facilita la automatizaci\u00f3n de tareas a lo largo de las fases del ciclo del software seg\u00fan la filosof\u00eda DevOps:<\/p>\n\n\n\n<ul class=\"wp-block-list\"><li><strong>PLAN<\/strong>: Organiza las tareas de tu proyecto siguiendo una metodolog\u00eda \u00e1gil como Scrum o Kanban, con la herramienta Jira.<\/li><li><strong>CODE<\/strong>:<ul><li>Utiliza Git como tecnolog\u00eda de gesti\u00f3n de repositorios de c\u00f3digo.<\/li><li>Adopta un esquema de gesti\u00f3n de ramas como git-flow para coordinar las contribuciones de los miembros del equipo y disparar ciclos de integraci\u00f3n continua y entrega continua. <\/li><li>Coordina la forma en que tu equipo dise\u00f1a e implementa soluciones, seg\u00fan las buenas pr\u00e1cticas de la industria del software.<\/li><li>Haz uso de herramientas de an\u00e1lisis de la calidad del c\u00f3digo.<\/li><\/ul><\/li><li><strong>BUILD<\/strong>:<ul><li>Elige una tecnolog\u00eda para automatizar la construcci\u00f3n del c\u00f3digo, como Jenkins, GitLab CI o Azure Pipelines.<\/li><li>Implementa ciclos de integraci\u00f3n y entrega continua (BUILD-TEST-RELEASE) y despliegue continuo (BUILD-TEST-RELEASE-DEPLOY).<\/li><\/ul><\/li><li><strong>TEST<\/strong>:<ul><li>Integra la ejecuci\u00f3n de tests autom\u00e1ticos en el ciclo de integraci\u00f3n-entrega continua.<\/li><li>Aprende a dise\u00f1ar y ejecutar tests autom\u00e1ticos y manuales.<\/li><li>Prioriza la inversi\u00f3n en testing seg\u00fan las necesidades de tu proyecto.<\/li><\/ul><\/li><li><strong>RELEASE<\/strong>:<ul><li>Registra las versiones de pruebas y producci\u00f3n de tu software en un repositorio de artefactos.<\/li><\/ul><\/li><li><strong>DEPLOY<\/strong>:<ul><li>Automatiza el despliegue del software a los distintos entornos.<\/li><\/ul><\/li><li><strong>OPERATE<\/strong>:<ul><li>Automatiza la gesti\u00f3n de los entornos de ejecuci\u00f3n de tu software: pruebas\/QA, preproducci\u00f3n, producci\u00f3n.<\/li><\/ul><\/li><li><strong>MONITOR<\/strong>:<ul><li>Mide el rendimiento de tu software.<\/li><li>Mide el rendimiento de la infraestructura sobra la que opera tu software.<\/li><li>Mide el rendimiento de tu equipo en torno a DevOps.<\/li><\/ul><\/li><\/ul>\n\n\n\n<p><\/p>\n\n\n\n<p class=\"has-large-font-size\">Ayuda M\u00e1xima: 6000\u20ac <\/p>\n\n\n\n<p><a href=\"https:\/\/acelerapyme.es\/kit-digital\/gestion-de-procesos\" data-type=\"URL\" data-id=\"https:\/\/acelerapyme.es\/kit-digital\/gestion-de-procesos\" target=\"_blank\" rel=\"noreferrer noopener\">M\u00e1s informaci\u00f3n<\/a><\/p>\n\n\n\n<p><a href=\"mailto:info@ubiqware.net?subject=Inter\u00e9s en servicio de DevOps dentro del Kit Digital\" data-type=\"mailto\" data-id=\"mailto:info@ubiqware.net?subject=Inter\u00e9s en servicio de DevOps dentro del Kit Digital\" target=\"_blank\" rel=\"noreferrer noopener\">Cont\u00e1ctanos<\/a><\/p>\n\n\n\n<p><\/p>\n\n\n\n<p><\/p>\n","protected":false},"excerpt":{"rendered":"<p>En UbiqWare te ayudamos a sacar el m\u00e1ximo de tus proyectos software. Gesti\u00f3n de procesos Adopci\u00f3n inicial de DevOps La categor\u00eda de Gesti\u00f3n de procesos permite que las empresas digitalicen y\/o automaticen procesos y flujos de trabajo. Nuestro servicio facilita la automatizaci\u00f3n de tareas a lo largo de las fases del ciclo del software seg\u00fan [&hellip;]<\/p>\n","protected":false},"author":3,"featured_media":0,"parent":0,"menu_order":0,"comment_status":"closed","ping_status":"closed","template":"","meta":{"footnotes":""},"class_list":["post-489","page","type-page","status-publish","hentry"],"_links":{"self":[{"href":"https:\/\/ubiqware.net\/en\/wp-json\/wp\/v2\/pages\/489","targetHints":{"allow":["GET"]}}],"collection":[{"href":"https:\/\/ubiqware.net\/en\/wp-json\/wp\/v2\/pages"}],"about":[{"href":"https:\/\/ubiqware.net\/en\/wp-json\/wp\/v2\/types\/page"}],"author":[{"embeddable":true,"href":"https:\/\/ubiqware.net\/en\/wp-json\/wp\/v2\/users\/3"}],"replies":[{"embeddable":true,"href":"https:\/\/ubiqware.net\/en\/wp-json\/wp\/v2\/comments?post=489"}],"version-history":[{"count":0,"href":"https:\/\/ubiqware.net\/en\/wp-json\/wp\/v2\/pages\/489\/revisions"}],"wp:attachment":[{"href":"https:\/\/ubiqware.net\/en\/wp-json\/wp\/v2\/media?parent=489"}],"curies":[{"name":"wp","href":"https:\/\/api.w.org\/{rel}","templated":true}]}}