{"id":166,"date":"2021-06-07T12:55:31","date_gmt":"2021-06-07T10:55:31","guid":{"rendered":"https:\/\/ubiq.wpengine.com\/?page_id=166"},"modified":"2022-02-14T12:54:33","modified_gmt":"2022-02-14T11:54:33","slug":"blog","status":"publish","type":"page","link":"https:\/\/ubiqware.net\/es\/blog\/","title":{"rendered":"Blog"},"content":{"rendered":"\t\t<div data-elementor-type=\"wp-page\" data-elementor-id=\"166\" class=\"elementor elementor-166\" data-elementor-post-type=\"page\">\n\t\t\t\t\t\t<section class=\"elementor-section elementor-top-section elementor-element elementor-element-f8618b2 elementor-section-boxed elementor-section-height-default elementor-section-height-default\" data-id=\"f8618b2\" data-element_type=\"section\" data-e-type=\"section\" data-settings=\"{&quot;_ob_glider_is_slider&quot;:&quot;no&quot;}\">\n\t\t\t\t\t\t<div class=\"elementor-container elementor-column-gap-default\">\n\t\t\t\t\t<div class=\"elementor-column elementor-col-50 elementor-top-column elementor-element elementor-element-9e7ed40\" data-id=\"9e7ed40\" data-element_type=\"column\" data-e-type=\"column\" data-settings=\"{&quot;_ob_column_hoveranimator&quot;:&quot;no&quot;,&quot;_ob_column_has_pseudo&quot;:&quot;no&quot;}\">\n\t\t\t<div class=\"elementor-widget-wrap elementor-element-populated\">\n\t\t\t\t\t\t<div class=\"elementor-element elementor-element-2dc454a elementor-grid-1 elementor-posts--thumbnail-left elementor-grid-tablet-1 elementor-hidden-phone elementor-grid-mobile-1 ob-has-background-overlay elementor-widget elementor-widget-posts\" data-id=\"2dc454a\" data-element_type=\"widget\" data-e-type=\"widget\" data-settings=\"{&quot;classic_columns&quot;:&quot;1&quot;,&quot;pagination_type&quot;:&quot;numbers_and_prev_next&quot;,&quot;classic_columns_tablet&quot;:&quot;1&quot;,&quot;classic_columns_mobile&quot;:&quot;1&quot;,&quot;classic_row_gap&quot;:{&quot;unit&quot;:&quot;px&quot;,&quot;size&quot;:35,&quot;sizes&quot;:[]},&quot;classic_row_gap_tablet&quot;:{&quot;unit&quot;:&quot;px&quot;,&quot;size&quot;:&quot;&quot;,&quot;sizes&quot;:[]},&quot;classic_row_gap_mobile&quot;:{&quot;unit&quot;:&quot;px&quot;,&quot;size&quot;:&quot;&quot;,&quot;sizes&quot;:[]},&quot;_ob_widget_stalker_use&quot;:&quot;no&quot;,&quot;_ob_poopart_use&quot;:&quot;yes&quot;,&quot;_ob_shadough_use&quot;:&quot;no&quot;,&quot;_ob_allow_hoveranimator&quot;:&quot;no&quot;}\" data-widget_type=\"posts.classic\">\n\t\t\t\t<div class=\"elementor-widget-container\">\n\t\t\t\t\t\t\t<div class=\"elementor-posts-container elementor-posts elementor-posts--skin-classic elementor-grid\" role=\"list\">\n\t\t\t\t<article class=\"elementor-post elementor-grid-item post-644 post type-post status-publish format-standard has-post-thumbnail hentry category-casos-de-exito category-noticias category-tecnologia\" role=\"listitem\">\n\t\t\t\t<a class=\"elementor-post__thumbnail__link\" href=\"https:\/\/ubiqware.net\/es\/sast-ia-analisis-de-codigo-impulsado-por-ia-generativa\/\" tabindex=\"-1\" >\n\t\t\t<div class=\"elementor-post__thumbnail\"><img decoding=\"async\" width=\"300\" height=\"129\" src=\"https:\/\/ubiqware.net\/wp-content\/uploads\/2026\/04\/sekuens-300x129.png\" class=\"attachment-medium size-medium wp-image-650\" alt=\"\" srcset=\"https:\/\/ubiqware.net\/wp-content\/uploads\/2026\/04\/sekuens-300x129.png 300w, https:\/\/ubiqware.net\/wp-content\/uploads\/2026\/04\/sekuens-768x330.png 768w, https:\/\/ubiqware.net\/wp-content\/uploads\/2026\/04\/sekuens.png 842w\" sizes=\"(max-width: 300px) 100vw, 300px\" \/><\/div>\n\t\t<\/a>\n\t\t\t\t<div class=\"elementor-post__text\">\n\t\t\t\t<h3 class=\"elementor-post__title\">\n\t\t\t<a href=\"https:\/\/ubiqware.net\/es\/sast-ia-analisis-de-codigo-impulsado-por-ia-generativa\/\" >\n\t\t\t\tSAST-IA: an\u00e1lisis de c\u00f3digo impulsado por IA Generativa\t\t\t<\/a>\n\t\t<\/h3>\n\t\t\t\t<div class=\"elementor-post__meta-data\">\n\t\t\t\t\t<span class=\"elementor-post-date\">\n\t\t\t10 de abril de 2026\t\t<\/span>\n\t\t\t\t<\/div>\n\t\t\t\t<div class=\"elementor-post__excerpt\">\n\t\t\t<p>En UBIQWARE \u00a0estamos desarrollando SAST-IA, un proyecto de I+D enfocado en transformar el an\u00e1lisis est\u00e1tico de c\u00f3digo mediante el uso de modelos de lenguaje de<\/p>\n\t\t<\/div>\n\t\t\n\t\t<a class=\"elementor-post__read-more\" href=\"https:\/\/ubiqware.net\/es\/sast-ia-analisis-de-codigo-impulsado-por-ia-generativa\/\" aria-label=\"M\u00e1s informaci\u00f3n sobre SAST-IA: an\u00e1lisis de c\u00f3digo impulsado por IA Generativa\" tabindex=\"-1\" >\n\t\t\tLeer m\u00e1s \t\t<\/a>\n\n\t\t\t\t<\/div>\n\t\t\t\t<\/article>\n\t\t\t\t<article class=\"elementor-post elementor-grid-item post-461 post type-post status-publish format-standard has-post-thumbnail hentry category-devops category-plan\" role=\"listitem\">\n\t\t\t\t<a class=\"elementor-post__thumbnail__link\" href=\"https:\/\/ubiqware.net\/es\/vision-general-de-la-fase-plan-de-devops\/\" tabindex=\"-1\" >\n\t\t\t<div class=\"elementor-post__thumbnail\"><img fetchpriority=\"high\" decoding=\"async\" width=\"300\" height=\"300\" src=\"https:\/\/ubiqware.net\/wp-content\/uploads\/2022\/02\/2560x2560-3-300x300.png\" class=\"attachment-medium size-medium wp-image-482\" alt=\"\" srcset=\"https:\/\/ubiqware.net\/wp-content\/uploads\/2022\/02\/2560x2560-3-300x300.png 300w, https:\/\/ubiqware.net\/wp-content\/uploads\/2022\/02\/2560x2560-3-1024x1024.png 1024w, https:\/\/ubiqware.net\/wp-content\/uploads\/2022\/02\/2560x2560-3-150x150.png 150w, https:\/\/ubiqware.net\/wp-content\/uploads\/2022\/02\/2560x2560-3-768x768.png 768w, https:\/\/ubiqware.net\/wp-content\/uploads\/2022\/02\/2560x2560-3-1536x1536.png 1536w, https:\/\/ubiqware.net\/wp-content\/uploads\/2022\/02\/2560x2560-3-2048x2048.png 2048w\" sizes=\"(max-width: 300px) 100vw, 300px\" \/><\/div>\n\t\t<\/a>\n\t\t\t\t<div class=\"elementor-post__text\">\n\t\t\t\t<h3 class=\"elementor-post__title\">\n\t\t\t<a href=\"https:\/\/ubiqware.net\/es\/vision-general-de-la-fase-plan-de-devops\/\" >\n\t\t\t\tVisi\u00f3n general de la fase PLAN de DevOps\t\t\t<\/a>\n\t\t<\/h3>\n\t\t\t\t<div class=\"elementor-post__meta-data\">\n\t\t\t\t\t<span class=\"elementor-post-date\">\n\t\t\t26 de febrero de 2022\t\t<\/span>\n\t\t\t\t<\/div>\n\t\t\t\t<div class=\"elementor-post__excerpt\">\n\t\t\t<p>Tras nuestro post inicial sobre nuestro enfoque de mejora en la gesti\u00f3n del ciclo de vida del software en torno a DevOps, \u00e9ste es el<\/p>\n\t\t<\/div>\n\t\t\n\t\t<a class=\"elementor-post__read-more\" href=\"https:\/\/ubiqware.net\/es\/vision-general-de-la-fase-plan-de-devops\/\" aria-label=\"M\u00e1s informaci\u00f3n sobre Visi\u00f3n general de la fase PLAN de DevOps\" tabindex=\"-1\" >\n\t\t\tLeer m\u00e1s \t\t<\/a>\n\n\t\t\t\t<\/div>\n\t\t\t\t<\/article>\n\t\t\t\t<article class=\"elementor-post elementor-grid-item post-430 post type-post status-publish format-standard has-post-thumbnail hentry category-build category-code category-deploy category-devops category-operate category-plan category-release category-test\" role=\"listitem\">\n\t\t\t\t<a class=\"elementor-post__thumbnail__link\" href=\"https:\/\/ubiqware.net\/es\/nuestro-enfoque-devops\/\" tabindex=\"-1\" >\n\t\t\t<div class=\"elementor-post__thumbnail\"><img decoding=\"async\" width=\"300\" height=\"300\" src=\"https:\/\/ubiqware.net\/wp-content\/uploads\/2022\/02\/devops-cycle-2560x2560-1-300x300.png\" class=\"attachment-medium size-medium wp-image-459\" alt=\"\" srcset=\"https:\/\/ubiqware.net\/wp-content\/uploads\/2022\/02\/devops-cycle-2560x2560-1-300x300.png 300w, https:\/\/ubiqware.net\/wp-content\/uploads\/2022\/02\/devops-cycle-2560x2560-1-1024x1024.png 1024w, https:\/\/ubiqware.net\/wp-content\/uploads\/2022\/02\/devops-cycle-2560x2560-1-150x150.png 150w, https:\/\/ubiqware.net\/wp-content\/uploads\/2022\/02\/devops-cycle-2560x2560-1-768x768.png 768w, https:\/\/ubiqware.net\/wp-content\/uploads\/2022\/02\/devops-cycle-2560x2560-1-1536x1536.png 1536w, https:\/\/ubiqware.net\/wp-content\/uploads\/2022\/02\/devops-cycle-2560x2560-1-2048x2048.png 2048w\" sizes=\"(max-width: 300px) 100vw, 300px\" \/><\/div>\n\t\t<\/a>\n\t\t\t\t<div class=\"elementor-post__text\">\n\t\t\t\t<h3 class=\"elementor-post__title\">\n\t\t\t<a href=\"https:\/\/ubiqware.net\/es\/nuestro-enfoque-devops\/\" >\n\t\t\t\tNuestro enfoque de DevOps\t\t\t<\/a>\n\t\t<\/h3>\n\t\t\t\t<div class=\"elementor-post__meta-data\">\n\t\t\t\t\t<span class=\"elementor-post-date\">\n\t\t\t12 de febrero de 2022\t\t<\/span>\n\t\t\t\t<\/div>\n\t\t\t\t<div class=\"elementor-post__excerpt\">\n\t\t\t<p>En UbiqWare, nos centramos en ayudar a otras organizaciones a que su actividad en torno a la fabricaci\u00f3n de software y su operaci\u00f3n sea lo<\/p>\n\t\t<\/div>\n\t\t\n\t\t<a class=\"elementor-post__read-more\" href=\"https:\/\/ubiqware.net\/es\/nuestro-enfoque-devops\/\" aria-label=\"M\u00e1s informaci\u00f3n sobre Nuestro enfoque de DevOps\" tabindex=\"-1\" >\n\t\t\tLeer m\u00e1s \t\t<\/a>\n\n\t\t\t\t<\/div>\n\t\t\t\t<\/article>\n\t\t\t\t<article class=\"elementor-post elementor-grid-item post-330 post type-post status-publish format-standard has-post-thumbnail hentry category-noticias category-ubiqware\" role=\"listitem\">\n\t\t\t\t<a class=\"elementor-post__thumbnail__link\" href=\"https:\/\/ubiqware.net\/es\/novedades-ubiqware\/\" tabindex=\"-1\" >\n\t\t\t<div class=\"elementor-post__thumbnail\"><img loading=\"lazy\" decoding=\"async\" width=\"300\" height=\"300\" src=\"https:\/\/ubiqware.net\/wp-content\/uploads\/2021\/08\/Post_1-300x300.jpg\" class=\"attachment-medium size-medium wp-image-373\" alt=\"Imagen destacada\" srcset=\"https:\/\/ubiqware.net\/wp-content\/uploads\/2021\/08\/Post_1-300x300.jpg 300w, https:\/\/ubiqware.net\/wp-content\/uploads\/2021\/08\/Post_1-1024x1024.jpg 1024w, https:\/\/ubiqware.net\/wp-content\/uploads\/2021\/08\/Post_1-150x150.jpg 150w, https:\/\/ubiqware.net\/wp-content\/uploads\/2021\/08\/Post_1-768x768.jpg 768w, https:\/\/ubiqware.net\/wp-content\/uploads\/2021\/08\/Post_1-1536x1536.jpg 1536w, https:\/\/ubiqware.net\/wp-content\/uploads\/2021\/08\/Post_1-2048x2048.jpg 2048w\" sizes=\"(max-width: 300px) 100vw, 300px\" \/><\/div>\n\t\t<\/a>\n\t\t\t\t<div class=\"elementor-post__text\">\n\t\t\t\t<h3 class=\"elementor-post__title\">\n\t\t\t<a href=\"https:\/\/ubiqware.net\/es\/novedades-ubiqware\/\" >\n\t\t\t\tNovedades a la vista\t\t\t<\/a>\n\t\t<\/h3>\n\t\t\t\t<div class=\"elementor-post__meta-data\">\n\t\t\t\t\t<span class=\"elementor-post-date\">\n\t\t\t6 de agosto de 2021\t\t<\/span>\n\t\t\t\t<\/div>\n\t\t\t\t<div class=\"elementor-post__excerpt\">\n\t\t\t<p>\u00a1Hola a todos! Estamos trabajando en una nueva UbiqWare, mejorando en nuestro compromiso de ayudar a otras organizaciones a gestionar de la forma m\u00e1s efectiva<\/p>\n\t\t<\/div>\n\t\t\n\t\t<a class=\"elementor-post__read-more\" href=\"https:\/\/ubiqware.net\/es\/novedades-ubiqware\/\" aria-label=\"M\u00e1s informaci\u00f3n sobre Novedades a la vista\" tabindex=\"-1\" >\n\t\t\tLeer m\u00e1s \t\t<\/a>\n\n\t\t\t\t<\/div>\n\t\t\t\t<\/article>\n\t\t\t\t<\/div>\n\t\t\n\t\t\t\t\t\t<\/div>\n\t\t\t\t<\/div>\n\t\t\t\t<div class=\"elementor-element elementor-element-6a65e0b elementor-grid-1 elementor-hidden-desktop elementor-hidden-tablet elementor-grid-tablet-2 elementor-grid-mobile-1 elementor-posts--thumbnail-top ob-has-background-overlay elementor-widget elementor-widget-posts\" data-id=\"6a65e0b\" data-element_type=\"widget\" data-e-type=\"widget\" data-settings=\"{&quot;classic_columns&quot;:&quot;1&quot;,&quot;pagination_type&quot;:&quot;numbers_and_prev_next&quot;,&quot;classic_columns_tablet&quot;:&quot;2&quot;,&quot;classic_columns_mobile&quot;:&quot;1&quot;,&quot;classic_row_gap&quot;:{&quot;unit&quot;:&quot;px&quot;,&quot;size&quot;:35,&quot;sizes&quot;:[]},&quot;classic_row_gap_tablet&quot;:{&quot;unit&quot;:&quot;px&quot;,&quot;size&quot;:&quot;&quot;,&quot;sizes&quot;:[]},&quot;classic_row_gap_mobile&quot;:{&quot;unit&quot;:&quot;px&quot;,&quot;size&quot;:&quot;&quot;,&quot;sizes&quot;:[]},&quot;_ob_widget_stalker_use&quot;:&quot;no&quot;,&quot;_ob_poopart_use&quot;:&quot;yes&quot;,&quot;_ob_shadough_use&quot;:&quot;no&quot;,&quot;_ob_allow_hoveranimator&quot;:&quot;no&quot;}\" data-widget_type=\"posts.classic\">\n\t\t\t\t<div class=\"elementor-widget-container\">\n\t\t\t\t\t\t\t<div class=\"elementor-posts-container elementor-posts elementor-posts--skin-classic elementor-grid\" role=\"list\">\n\t\t\t\t<article class=\"elementor-post elementor-grid-item post-644 post type-post status-publish format-standard has-post-thumbnail hentry category-casos-de-exito category-noticias category-tecnologia\" role=\"listitem\">\n\t\t\t\t<a class=\"elementor-post__thumbnail__link\" href=\"https:\/\/ubiqware.net\/es\/sast-ia-analisis-de-codigo-impulsado-por-ia-generativa\/\" tabindex=\"-1\" >\n\t\t\t<div class=\"elementor-post__thumbnail\"><img decoding=\"async\" width=\"300\" height=\"129\" src=\"https:\/\/ubiqware.net\/wp-content\/uploads\/2026\/04\/sekuens-300x129.png\" class=\"attachment-medium size-medium wp-image-650\" alt=\"\" srcset=\"https:\/\/ubiqware.net\/wp-content\/uploads\/2026\/04\/sekuens-300x129.png 300w, https:\/\/ubiqware.net\/wp-content\/uploads\/2026\/04\/sekuens-768x330.png 768w, https:\/\/ubiqware.net\/wp-content\/uploads\/2026\/04\/sekuens.png 842w\" sizes=\"(max-width: 300px) 100vw, 300px\" \/><\/div>\n\t\t<\/a>\n\t\t\t\t<div class=\"elementor-post__text\">\n\t\t\t\t<h3 class=\"elementor-post__title\">\n\t\t\t<a href=\"https:\/\/ubiqware.net\/es\/sast-ia-analisis-de-codigo-impulsado-por-ia-generativa\/\" >\n\t\t\t\tSAST-IA: an\u00e1lisis de c\u00f3digo impulsado por IA Generativa\t\t\t<\/a>\n\t\t<\/h3>\n\t\t\t\t<div class=\"elementor-post__meta-data\">\n\t\t\t\t\t<span class=\"elementor-post-date\">\n\t\t\t10 de abril de 2026\t\t<\/span>\n\t\t\t\t<\/div>\n\t\t\t\t<div class=\"elementor-post__excerpt\">\n\t\t\t<p>En UBIQWARE \u00a0estamos desarrollando SAST-IA, un proyecto de I+D enfocado en transformar el an\u00e1lisis est\u00e1tico de c\u00f3digo mediante el uso de modelos de lenguaje de<\/p>\n\t\t<\/div>\n\t\t\n\t\t<a class=\"elementor-post__read-more\" href=\"https:\/\/ubiqware.net\/es\/sast-ia-analisis-de-codigo-impulsado-por-ia-generativa\/\" aria-label=\"M\u00e1s informaci\u00f3n sobre SAST-IA: an\u00e1lisis de c\u00f3digo impulsado por IA Generativa\" tabindex=\"-1\" >\n\t\t\tLeer m\u00e1s \t\t<\/a>\n\n\t\t\t\t<\/div>\n\t\t\t\t<\/article>\n\t\t\t\t<article class=\"elementor-post elementor-grid-item post-461 post type-post status-publish format-standard has-post-thumbnail hentry category-devops category-plan\" role=\"listitem\">\n\t\t\t\t<a class=\"elementor-post__thumbnail__link\" href=\"https:\/\/ubiqware.net\/es\/vision-general-de-la-fase-plan-de-devops\/\" tabindex=\"-1\" >\n\t\t\t<div class=\"elementor-post__thumbnail\"><img fetchpriority=\"high\" decoding=\"async\" width=\"300\" height=\"300\" src=\"https:\/\/ubiqware.net\/wp-content\/uploads\/2022\/02\/2560x2560-3-300x300.png\" class=\"attachment-medium size-medium wp-image-482\" alt=\"\" srcset=\"https:\/\/ubiqware.net\/wp-content\/uploads\/2022\/02\/2560x2560-3-300x300.png 300w, https:\/\/ubiqware.net\/wp-content\/uploads\/2022\/02\/2560x2560-3-1024x1024.png 1024w, https:\/\/ubiqware.net\/wp-content\/uploads\/2022\/02\/2560x2560-3-150x150.png 150w, https:\/\/ubiqware.net\/wp-content\/uploads\/2022\/02\/2560x2560-3-768x768.png 768w, https:\/\/ubiqware.net\/wp-content\/uploads\/2022\/02\/2560x2560-3-1536x1536.png 1536w, https:\/\/ubiqware.net\/wp-content\/uploads\/2022\/02\/2560x2560-3-2048x2048.png 2048w\" sizes=\"(max-width: 300px) 100vw, 300px\" \/><\/div>\n\t\t<\/a>\n\t\t\t\t<div class=\"elementor-post__text\">\n\t\t\t\t<h3 class=\"elementor-post__title\">\n\t\t\t<a href=\"https:\/\/ubiqware.net\/es\/vision-general-de-la-fase-plan-de-devops\/\" >\n\t\t\t\tVisi\u00f3n general de la fase PLAN de DevOps\t\t\t<\/a>\n\t\t<\/h3>\n\t\t\t\t<div class=\"elementor-post__meta-data\">\n\t\t\t\t\t<span class=\"elementor-post-date\">\n\t\t\t26 de febrero de 2022\t\t<\/span>\n\t\t\t\t<\/div>\n\t\t\t\t<div class=\"elementor-post__excerpt\">\n\t\t\t<p>Tras nuestro post inicial sobre nuestro enfoque de mejora en la gesti\u00f3n del ciclo de vida del software en torno a DevOps, \u00e9ste es el<\/p>\n\t\t<\/div>\n\t\t\n\t\t<a class=\"elementor-post__read-more\" href=\"https:\/\/ubiqware.net\/es\/vision-general-de-la-fase-plan-de-devops\/\" aria-label=\"M\u00e1s informaci\u00f3n sobre Visi\u00f3n general de la fase PLAN de DevOps\" tabindex=\"-1\" >\n\t\t\tLeer m\u00e1s \t\t<\/a>\n\n\t\t\t\t<\/div>\n\t\t\t\t<\/article>\n\t\t\t\t<article class=\"elementor-post elementor-grid-item post-430 post type-post status-publish format-standard has-post-thumbnail hentry category-build category-code category-deploy category-devops category-operate category-plan category-release category-test\" role=\"listitem\">\n\t\t\t\t<a class=\"elementor-post__thumbnail__link\" href=\"https:\/\/ubiqware.net\/es\/nuestro-enfoque-devops\/\" tabindex=\"-1\" >\n\t\t\t<div class=\"elementor-post__thumbnail\"><img decoding=\"async\" width=\"300\" height=\"300\" src=\"https:\/\/ubiqware.net\/wp-content\/uploads\/2022\/02\/devops-cycle-2560x2560-1-300x300.png\" class=\"attachment-medium size-medium wp-image-459\" alt=\"\" srcset=\"https:\/\/ubiqware.net\/wp-content\/uploads\/2022\/02\/devops-cycle-2560x2560-1-300x300.png 300w, https:\/\/ubiqware.net\/wp-content\/uploads\/2022\/02\/devops-cycle-2560x2560-1-1024x1024.png 1024w, https:\/\/ubiqware.net\/wp-content\/uploads\/2022\/02\/devops-cycle-2560x2560-1-150x150.png 150w, https:\/\/ubiqware.net\/wp-content\/uploads\/2022\/02\/devops-cycle-2560x2560-1-768x768.png 768w, https:\/\/ubiqware.net\/wp-content\/uploads\/2022\/02\/devops-cycle-2560x2560-1-1536x1536.png 1536w, https:\/\/ubiqware.net\/wp-content\/uploads\/2022\/02\/devops-cycle-2560x2560-1-2048x2048.png 2048w\" sizes=\"(max-width: 300px) 100vw, 300px\" \/><\/div>\n\t\t<\/a>\n\t\t\t\t<div class=\"elementor-post__text\">\n\t\t\t\t<h3 class=\"elementor-post__title\">\n\t\t\t<a href=\"https:\/\/ubiqware.net\/es\/nuestro-enfoque-devops\/\" >\n\t\t\t\tNuestro enfoque de DevOps\t\t\t<\/a>\n\t\t<\/h3>\n\t\t\t\t<div class=\"elementor-post__meta-data\">\n\t\t\t\t\t<span class=\"elementor-post-date\">\n\t\t\t12 de febrero de 2022\t\t<\/span>\n\t\t\t\t<\/div>\n\t\t\t\t<div class=\"elementor-post__excerpt\">\n\t\t\t<p>En UbiqWare, nos centramos en ayudar a otras organizaciones a que su actividad en torno a la fabricaci\u00f3n de software y su operaci\u00f3n sea lo<\/p>\n\t\t<\/div>\n\t\t\n\t\t<a class=\"elementor-post__read-more\" href=\"https:\/\/ubiqware.net\/es\/nuestro-enfoque-devops\/\" aria-label=\"M\u00e1s informaci\u00f3n sobre Nuestro enfoque de DevOps\" tabindex=\"-1\" >\n\t\t\tLeer m\u00e1s \t\t<\/a>\n\n\t\t\t\t<\/div>\n\t\t\t\t<\/article>\n\t\t\t\t<article class=\"elementor-post elementor-grid-item post-330 post type-post status-publish format-standard has-post-thumbnail hentry category-noticias category-ubiqware\" role=\"listitem\">\n\t\t\t\t<a class=\"elementor-post__thumbnail__link\" href=\"https:\/\/ubiqware.net\/es\/novedades-ubiqware\/\" tabindex=\"-1\" >\n\t\t\t<div class=\"elementor-post__thumbnail\"><img loading=\"lazy\" decoding=\"async\" width=\"300\" height=\"300\" src=\"https:\/\/ubiqware.net\/wp-content\/uploads\/2021\/08\/Post_1-300x300.jpg\" class=\"attachment-medium size-medium wp-image-373\" alt=\"Imagen destacada\" srcset=\"https:\/\/ubiqware.net\/wp-content\/uploads\/2021\/08\/Post_1-300x300.jpg 300w, https:\/\/ubiqware.net\/wp-content\/uploads\/2021\/08\/Post_1-1024x1024.jpg 1024w, https:\/\/ubiqware.net\/wp-content\/uploads\/2021\/08\/Post_1-150x150.jpg 150w, https:\/\/ubiqware.net\/wp-content\/uploads\/2021\/08\/Post_1-768x768.jpg 768w, https:\/\/ubiqware.net\/wp-content\/uploads\/2021\/08\/Post_1-1536x1536.jpg 1536w, https:\/\/ubiqware.net\/wp-content\/uploads\/2021\/08\/Post_1-2048x2048.jpg 2048w\" sizes=\"(max-width: 300px) 100vw, 300px\" \/><\/div>\n\t\t<\/a>\n\t\t\t\t<div class=\"elementor-post__text\">\n\t\t\t\t<h3 class=\"elementor-post__title\">\n\t\t\t<a href=\"https:\/\/ubiqware.net\/es\/novedades-ubiqware\/\" >\n\t\t\t\tNovedades a la vista\t\t\t<\/a>\n\t\t<\/h3>\n\t\t\t\t<div class=\"elementor-post__meta-data\">\n\t\t\t\t\t<span class=\"elementor-post-date\">\n\t\t\t6 de agosto de 2021\t\t<\/span>\n\t\t\t\t<\/div>\n\t\t\t\t<div class=\"elementor-post__excerpt\">\n\t\t\t<p>\u00a1Hola a todos! Estamos trabajando en una nueva UbiqWare, mejorando en nuestro compromiso de ayudar a otras organizaciones a gestionar de la forma m\u00e1s efectiva<\/p>\n\t\t<\/div>\n\t\t\n\t\t<a class=\"elementor-post__read-more\" href=\"https:\/\/ubiqware.net\/es\/novedades-ubiqware\/\" aria-label=\"M\u00e1s informaci\u00f3n sobre Novedades a la vista\" tabindex=\"-1\" >\n\t\t\tLeer m\u00e1s \t\t<\/a>\n\n\t\t\t\t<\/div>\n\t\t\t\t<\/article>\n\t\t\t\t<\/div>\n\t\t\n\t\t\t\t\t\t<\/div>\n\t\t\t\t<\/div>\n\t\t\t\t\t<\/div>\n\t\t<\/div>\n\t\t\t\t<div class=\"elementor-column elementor-col-50 elementor-top-column elementor-element elementor-element-3dab73d\" data-id=\"3dab73d\" data-element_type=\"column\" data-e-type=\"column\" data-settings=\"{&quot;_ob_column_hoveranimator&quot;:&quot;no&quot;,&quot;_ob_column_has_pseudo&quot;:&quot;no&quot;}\">\n\t\t\t<div class=\"elementor-widget-wrap elementor-element-populated\">\n\t\t\t\t\t\t<div class=\"elementor-element elementor-element-fe6ac7e ob-has-background-overlay elementor-widget elementor-widget-wp-widget-search\" data-id=\"fe6ac7e\" data-element_type=\"widget\" data-e-type=\"widget\" id=\"blogwidget\" data-settings=\"{&quot;_ob_widget_stalker_use&quot;:&quot;no&quot;,&quot;_ob_poopart_use&quot;:&quot;yes&quot;,&quot;_ob_shadough_use&quot;:&quot;no&quot;,&quot;_ob_allow_hoveranimator&quot;:&quot;no&quot;}\" data-widget_type=\"wp-widget-search.default\">\n\t\t\t\t<div class=\"elementor-widget-container\">\n\t\t\t\t\t<form role=\"search\" method=\"get\" class=\"search-form\" action=\"https:\/\/ubiqware.net\/es\/\">\n\t\t\t\t<label>\n\t\t\t\t\t<span class=\"screen-reader-text\">Buscar:<\/span>\n\t\t\t\t\t<input type=\"search\" class=\"search-field\" placeholder=\"Buscar &hellip;\" value=\"\" name=\"s\" \/>\n\t\t\t\t<\/label>\n\t\t\t\t<input type=\"submit\" class=\"search-submit\" value=\"Buscar\" \/>\n\t\t\t<\/form>\t\t\t\t<\/div>\n\t\t\t\t<\/div>\n\t\t\t\t<div class=\"elementor-element elementor-element-19f1ad8 ob-has-background-overlay elementor-widget elementor-widget-wp-widget-recent-posts\" data-id=\"19f1ad8\" data-element_type=\"widget\" data-e-type=\"widget\" id=\"blogwidget\" data-settings=\"{&quot;_ob_widget_stalker_use&quot;:&quot;no&quot;,&quot;_ob_poopart_use&quot;:&quot;yes&quot;,&quot;_ob_shadough_use&quot;:&quot;no&quot;,&quot;_ob_allow_hoveranimator&quot;:&quot;no&quot;}\" data-widget_type=\"wp-widget-recent-posts.default\">\n\t\t\t\t<div class=\"elementor-widget-container\">\n\t\t\t\t\t\n\t\t\n\t\t<h5>\u00daltimas entradas<\/h5><nav aria-label=\"\u00daltimas entradas\">\n\t\t<ul>\n\t\t\t\t\t\t\t\t\t\t\t<li>\n\t\t\t\t\t<a href=\"https:\/\/ubiqware.net\/es\/sast-ia-analisis-de-codigo-impulsado-por-ia-generativa\/\">SAST-IA: an\u00e1lisis de c\u00f3digo impulsado por IA Generativa<\/a>\n\t\t\t\t\t\t\t\t\t<\/li>\n\t\t\t\t\t\t\t\t\t\t\t<li>\n\t\t\t\t\t<a href=\"https:\/\/ubiqware.net\/es\/vision-general-de-la-fase-plan-de-devops\/\">Visi\u00f3n general de la fase PLAN de DevOps<\/a>\n\t\t\t\t\t\t\t\t\t<\/li>\n\t\t\t\t\t\t\t\t\t\t\t<li>\n\t\t\t\t\t<a href=\"https:\/\/ubiqware.net\/es\/nuestro-enfoque-devops\/\">Nuestro enfoque de DevOps<\/a>\n\t\t\t\t\t\t\t\t\t<\/li>\n\t\t\t\t\t\t\t\t\t\t\t<li>\n\t\t\t\t\t<a href=\"https:\/\/ubiqware.net\/es\/novedades-ubiqware\/\">Novedades a la vista<\/a>\n\t\t\t\t\t\t\t\t\t<\/li>\n\t\t\t\t\t<\/ul>\n\n\t\t<\/nav>\t\t\t\t<\/div>\n\t\t\t\t<\/div>\n\t\t\t\t<div class=\"elementor-element elementor-element-14eefe7 ob-has-background-overlay elementor-widget elementor-widget-wp-widget-categories\" data-id=\"14eefe7\" data-element_type=\"widget\" data-e-type=\"widget\" id=\"blogwidget\" data-settings=\"{&quot;_ob_widget_stalker_use&quot;:&quot;no&quot;,&quot;_ob_poopart_use&quot;:&quot;yes&quot;,&quot;_ob_shadough_use&quot;:&quot;no&quot;,&quot;_ob_allow_hoveranimator&quot;:&quot;no&quot;}\" data-widget_type=\"wp-widget-categories.default\">\n\t\t\t\t<div class=\"elementor-widget-container\">\n\t\t\t\t\t<h5>Categor\u00edas<\/h5><nav aria-label=\"Categor\u00edas\">\n\t\t\t<ul>\n\t\t\t\t\t<li class=\"cat-item cat-item-26\"><a href=\"https:\/\/ubiqware.net\/es\/categoria\/devops\/build\/\">Build<\/a>\n<\/li>\n\t<li class=\"cat-item cat-item-19\"><a href=\"https:\/\/ubiqware.net\/es\/categoria\/casos-de-exito\/\">Casos de \u00e9xito<\/a>\n<\/li>\n\t<li class=\"cat-item cat-item-25\"><a href=\"https:\/\/ubiqware.net\/es\/categoria\/devops\/code\/\">Code<\/a>\n<\/li>\n\t<li class=\"cat-item cat-item-29\"><a href=\"https:\/\/ubiqware.net\/es\/categoria\/devops\/deploy\/\">Deploy<\/a>\n<\/li>\n\t<li class=\"cat-item cat-item-23\"><a href=\"https:\/\/ubiqware.net\/es\/categoria\/devops\/\">DevOps<\/a>\n<\/li>\n\t<li class=\"cat-item cat-item-17\"><a href=\"https:\/\/ubiqware.net\/es\/categoria\/noticias\/\">Noticias<\/a>\n<\/li>\n\t<li class=\"cat-item cat-item-30\"><a href=\"https:\/\/ubiqware.net\/es\/categoria\/devops\/operate\/\">Operate<\/a>\n<\/li>\n\t<li class=\"cat-item cat-item-24\"><a href=\"https:\/\/ubiqware.net\/es\/categoria\/devops\/plan\/\">Plan<\/a>\n<\/li>\n\t<li class=\"cat-item cat-item-28\"><a href=\"https:\/\/ubiqware.net\/es\/categoria\/devops\/release\/\">Release<\/a>\n<\/li>\n\t<li class=\"cat-item cat-item-20\"><a href=\"https:\/\/ubiqware.net\/es\/categoria\/tecnologia\/\">Tecnolog\u00eda<\/a>\n<\/li>\n\t<li class=\"cat-item cat-item-27\"><a href=\"https:\/\/ubiqware.net\/es\/categoria\/devops\/test\/\">Test<\/a>\n<\/li>\n\t<li class=\"cat-item cat-item-18\"><a href=\"https:\/\/ubiqware.net\/es\/categoria\/ubiqware\/\">UbiqWare<\/a>\n<\/li>\n\t\t\t<\/ul>\n\n\t\t\t<\/nav>\t\t\t\t<\/div>\n\t\t\t\t<\/div>\n\t\t\t\t\t<\/div>\n\t\t<\/div>\n\t\t\t\t\t<\/div>\n\t\t<\/section>\n\t\t\t\t<\/div>\n\t\t","protected":false},"excerpt":{"rendered":"","protected":false},"author":2,"featured_media":0,"parent":0,"menu_order":0,"comment_status":"closed","ping_status":"closed","template":"","meta":{"footnotes":""},"class_list":["post-166","page","type-page","status-publish","hentry"],"_links":{"self":[{"href":"https:\/\/ubiqware.net\/es\/wp-json\/wp\/v2\/pages\/166","targetHints":{"allow":["GET"]}}],"collection":[{"href":"https:\/\/ubiqware.net\/es\/wp-json\/wp\/v2\/pages"}],"about":[{"href":"https:\/\/ubiqware.net\/es\/wp-json\/wp\/v2\/types\/page"}],"author":[{"embeddable":true,"href":"https:\/\/ubiqware.net\/es\/wp-json\/wp\/v2\/users\/2"}],"replies":[{"embeddable":true,"href":"https:\/\/ubiqware.net\/es\/wp-json\/wp\/v2\/comments?post=166"}],"version-history":[{"count":0,"href":"https:\/\/ubiqware.net\/es\/wp-json\/wp\/v2\/pages\/166\/revisions"}],"wp:attachment":[{"href":"https:\/\/ubiqware.net\/es\/wp-json\/wp\/v2\/media?parent=166"}],"curies":[{"name":"wp","href":"https:\/\/api.w.org\/{rel}","templated":true}]}}